{"id":6638,"date":"2023-11-09T08:56:04","date_gmt":"2023-11-09T11:56:04","guid":{"rendered":"https:\/\/nanoscoping.com.br\/elementor-3984\/"},"modified":"2023-11-09T08:56:04","modified_gmt":"2023-11-09T11:56:04","slug":"elementor-3984","status":"publish","type":"page","link":"https:\/\/nanoscoping.com.br\/en\/elementor-3984\/","title":{"rendered":"Elementor #3984"},"content":{"rendered":"<style id=\"jet-form-builder-3989-inline-css\"><\/style>\n<form  action=\"https:\/\/nanoscoping.com.br\/?jet_form_builder_submit=submit&amp;method=reload\" method=\"POST\" data-form-id=\"3989\" data-layout=\"column\" enctype=\"multipart\/form-data\" novalidate=\"\"><input type=\"hidden\" id=\"_wpnonce\" name=\"_wpnonce\" value=\"df7705c5dc\" \/><input type=\"hidden\" name=\"_wp_http_referer\" value=\"\/wp-admin\/admin-ajax.php\" \/><br \/>\n<input type=\"hidden\" name=\"_jfb_current_render_states[]\" value=\"DEFAULT.STATE\" data-jfb-sync \/><input type=\"hidden\" name=\"_jet_engine_booking_form_id\" data-field-name=\"_jet_engine_booking_form_id\" value=\"3989\"><br \/>\n<input type=\"hidden\" name=\"_jet_engine_refer\" data-field-name=\"_jet_engine_refer\" value=\"https:\/\/nanoscoping.com.br\"><br \/>\n<input type=\"hidden\" name=\"__queried_post_id\" data-field-name=\"__queried_post_id\" value=\"3984\"><br \/>\n<input type=\"hidden\" name=\"post_meta\" data-field-name=\"post_meta\" data-jfb-sync=\"\"><br \/>\n\t<input placeholder=\"Email\" name=\"email\" id=\"email\" type=\"email\" data-field-name=\"email\" data-jfb-sync=\"\"><br \/>\n\t<input placeholder=\"Empresa\" name=\"empresa\" id=\"empresa\" type=\"text\" data-field-name=\"empresa\" data-jfb-sync=\"\"><br \/>\n\t<button type=\"submit\">Inscrever-se<\/button><br \/>\n<\/form>\n<style id=\"jet-form-builder-702-inline-css\"><\/style>\n<form  action=\"https:\/\/nanoscoping.com.br\/?jet_form_builder_submit=submit&amp;method=reload\" method=\"POST\" data-form-id=\"702\" data-layout=\"column\" enctype=\"multipart\/form-data\" novalidate=\"\"><input type=\"hidden\" id=\"_wpnonce\" name=\"_wpnonce\" value=\"df7705c5dc\" \/><input type=\"hidden\" name=\"_wp_http_referer\" value=\"\/wp-admin\/admin-ajax.php\" \/><br \/>\n<input type=\"hidden\" name=\"_jfb_current_render_states[]\" value=\"DEFAULT.STATE\" data-jfb-sync \/><input type=\"hidden\" name=\"_jet_engine_booking_form_id\" data-field-name=\"_jet_engine_booking_form_id\" value=\"702\"><br \/>\n<input type=\"hidden\" name=\"_jet_engine_refer\" data-field-name=\"_jet_engine_refer\" value=\"https:\/\/nanoscoping.com.br\"><br \/>\n<input type=\"hidden\" name=\"__queried_post_id\" data-field-name=\"__queried_post_id\" value=\"3984\"><br \/>\n<input type=\"hidden\" name=\"post_meta\" data-field-name=\"post_meta\" data-jfb-sync=\"\"><br \/>\nNome<br \/>\n\t<input name=\"nome\" id=\"nome\" type=\"text\" data-field-name=\"nome\" data-jfb-sync=\"\"><br \/>\nEmail<br \/>\n\t<input name=\"email\" id=\"email_1\" type=\"text\" data-field-name=\"email\" data-jfb-sync=\"\"><br \/>\nEmpresa<br \/>\n\t<input name=\"empresa\" id=\"empresa_1\" type=\"text\" data-field-name=\"empresa\" data-jfb-sync=\"\"><br \/>\nSelecione a \u00e1rea de atua\u00e7\u00e3o<br \/>\n\t<input name=\"selecione_a_area_de_atuacao\" id=\"selecione_a_area_de_atuacao\" type=\"text\" data-field-name=\"selecione_a_area_de_atuacao\" data-jfb-sync=\"\"><br \/>\n<label><br \/>\n<input type=\"checkbox\" name=\"field_name\" value=\"Concordo em receber comunica\u00e7\u00f5es.\" data-field-name=\"field_name\" >Concordo em receber comunica\u00e7\u00f5es.<\/label><small>A nossa empresa est\u00e1 comprometida a proteger e respeitar sua privacidade, utilizaremos seus dados apenas para fins de marketing. Voc\u00ea pode alterar suas prefer\u00eancias a qualquer momento.<\/small><br \/>\n\t<button type=\"submit\">Baixar Material<\/button><br \/>\n<\/form>\n","protected":false},"excerpt":{"rendered":"<p>Inscrever-se Nome Email Empresa Selecione a \u00e1rea de atua\u00e7\u00e3o Concordo em receber comunica\u00e7\u00f5es.A nossa empresa est\u00e1 comprometida a proteger e respeitar sua privacidade, utilizaremos seus dados apenas para fins de marketing. Voc\u00ea pode alterar suas prefer\u00eancias a qualquer momento. Baixar Material<\/p>\n","protected":false},"author":2,"featured_media":0,"parent":0,"menu_order":0,"comment_status":"closed","ping_status":"closed","template":"","meta":{"_acf_changed":false,"footnotes":""},"folder":[],"class_list":["post-6638","page","type-page","status-publish","hentry"],"acf":[],"yoast_head":"<!-- This site is optimized with the Yoast SEO plugin v25.9 - https:\/\/yoast.com\/wordpress\/plugins\/seo\/ -->\n<title>Elementor #3984 - NanoScoping<\/title>\n<meta name=\"robots\" content=\"index, follow, max-snippet:-1, max-image-preview:large, max-video-preview:-1\" \/>\n<link rel=\"canonical\" href=\"https:\/\/nanoscoping.com.br\/en\/elementor-3984\/\" \/>\n<meta property=\"og:locale\" content=\"en_US\" \/>\n<meta property=\"og:type\" content=\"article\" \/>\n<meta property=\"og:title\" content=\"Elementor #3984 - NanoScoping\" \/>\n<meta property=\"og:description\" content=\"Inscrever-se Nome Email Empresa Selecione a \u00e1rea de atua\u00e7\u00e3o Concordo em receber comunica\u00e7\u00f5es.A nossa empresa est\u00e1 comprometida a proteger e respeitar sua privacidade, utilizaremos seus dados apenas para fins de marketing. Voc\u00ea pode alterar suas prefer\u00eancias a qualquer momento. Baixar Material\" \/>\n<meta property=\"og:url\" content=\"https:\/\/nanoscoping.com.br\/en\/elementor-3984\/\" \/>\n<meta property=\"og:site_name\" content=\"NanoScoping\" \/>\n<meta name=\"twitter:card\" content=\"summary_large_image\" \/>\n<script type=\"application\/ld+json\" class=\"yoast-schema-graph\">{\"@context\":\"https:\/\/schema.org\",\"@graph\":[{\"@type\":\"WebPage\",\"@id\":\"https:\/\/nanoscoping.com.br\/en\/elementor-3984\/\",\"url\":\"https:\/\/nanoscoping.com.br\/en\/elementor-3984\/\",\"name\":\"Elementor #3984 - NanoScoping\",\"isPartOf\":{\"@id\":\"https:\/\/sandybrown-reindeer-448238.hostingersite.com\/#website\"},\"datePublished\":\"2023-11-09T11:56:04+00:00\",\"breadcrumb\":{\"@id\":\"https:\/\/nanoscoping.com.br\/en\/elementor-3984\/#breadcrumb\"},\"inLanguage\":\"en-US\",\"potentialAction\":[{\"@type\":\"ReadAction\",\"target\":[\"https:\/\/nanoscoping.com.br\/en\/elementor-3984\/\"]}]},{\"@type\":\"BreadcrumbList\",\"@id\":\"https:\/\/nanoscoping.com.br\/en\/elementor-3984\/#breadcrumb\",\"itemListElement\":[{\"@type\":\"ListItem\",\"position\":1,\"name\":\"In\u00edcio\",\"item\":\"https:\/\/nanoscoping.com.br\/en\/\"},{\"@type\":\"ListItem\",\"position\":2,\"name\":\"Elementor #3984\"}]},{\"@type\":\"WebSite\",\"@id\":\"https:\/\/sandybrown-reindeer-448238.hostingersite.com\/#website\",\"url\":\"https:\/\/sandybrown-reindeer-448238.hostingersite.com\/\",\"name\":\"NanoScoping\",\"description\":\"\",\"publisher\":{\"@id\":\"https:\/\/sandybrown-reindeer-448238.hostingersite.com\/#organization\"},\"potentialAction\":[{\"@type\":\"SearchAction\",\"target\":{\"@type\":\"EntryPoint\",\"urlTemplate\":\"https:\/\/sandybrown-reindeer-448238.hostingersite.com\/?s={search_term_string}\"},\"query-input\":{\"@type\":\"PropertyValueSpecification\",\"valueRequired\":true,\"valueName\":\"search_term_string\"}}],\"inLanguage\":\"en-US\"},{\"@type\":\"Organization\",\"@id\":\"https:\/\/sandybrown-reindeer-448238.hostingersite.com\/#organization\",\"name\":\"NanoScoping\",\"url\":\"https:\/\/sandybrown-reindeer-448238.hostingersite.com\/\",\"logo\":{\"@type\":\"ImageObject\",\"inLanguage\":\"en-US\",\"@id\":\"https:\/\/sandybrown-reindeer-448238.hostingersite.com\/#\/schema\/logo\/image\/\",\"url\":\"https:\/\/nanoscoping.com.br\/wp-content\/uploads\/2025\/03\/cropped-Logo-Fig.png\",\"contentUrl\":\"https:\/\/nanoscoping.com.br\/wp-content\/uploads\/2025\/03\/cropped-Logo-Fig.png\",\"width\":500,\"height\":500,\"caption\":\"NanoScoping\"},\"image\":{\"@id\":\"https:\/\/sandybrown-reindeer-448238.hostingersite.com\/#\/schema\/logo\/image\/\"}}]}<\/script>\n<!-- \/ Yoast SEO plugin. -->","yoast_head_json":{"title":"Elementor #3984 - NanoScoping","robots":{"index":"index","follow":"follow","max-snippet":"max-snippet:-1","max-image-preview":"max-image-preview:large","max-video-preview":"max-video-preview:-1"},"canonical":"https:\/\/nanoscoping.com.br\/en\/elementor-3984\/","og_locale":"en_US","og_type":"article","og_title":"Elementor #3984 - NanoScoping","og_description":"Inscrever-se Nome Email Empresa Selecione a \u00e1rea de atua\u00e7\u00e3o Concordo em receber comunica\u00e7\u00f5es.A nossa empresa est\u00e1 comprometida a proteger e respeitar sua privacidade, utilizaremos seus dados apenas para fins de marketing. Voc\u00ea pode alterar suas prefer\u00eancias a qualquer momento. Baixar Material","og_url":"https:\/\/nanoscoping.com.br\/en\/elementor-3984\/","og_site_name":"NanoScoping","twitter_card":"summary_large_image","schema":{"@context":"https:\/\/schema.org","@graph":[{"@type":"WebPage","@id":"https:\/\/nanoscoping.com.br\/en\/elementor-3984\/","url":"https:\/\/nanoscoping.com.br\/en\/elementor-3984\/","name":"Elementor #3984 - NanoScoping","isPartOf":{"@id":"https:\/\/sandybrown-reindeer-448238.hostingersite.com\/#website"},"datePublished":"2023-11-09T11:56:04+00:00","breadcrumb":{"@id":"https:\/\/nanoscoping.com.br\/en\/elementor-3984\/#breadcrumb"},"inLanguage":"en-US","potentialAction":[{"@type":"ReadAction","target":["https:\/\/nanoscoping.com.br\/en\/elementor-3984\/"]}]},{"@type":"BreadcrumbList","@id":"https:\/\/nanoscoping.com.br\/en\/elementor-3984\/#breadcrumb","itemListElement":[{"@type":"ListItem","position":1,"name":"In\u00edcio","item":"https:\/\/nanoscoping.com.br\/en\/"},{"@type":"ListItem","position":2,"name":"Elementor #3984"}]},{"@type":"WebSite","@id":"https:\/\/sandybrown-reindeer-448238.hostingersite.com\/#website","url":"https:\/\/sandybrown-reindeer-448238.hostingersite.com\/","name":"NanoScoping","description":"","publisher":{"@id":"https:\/\/sandybrown-reindeer-448238.hostingersite.com\/#organization"},"potentialAction":[{"@type":"SearchAction","target":{"@type":"EntryPoint","urlTemplate":"https:\/\/sandybrown-reindeer-448238.hostingersite.com\/?s={search_term_string}"},"query-input":{"@type":"PropertyValueSpecification","valueRequired":true,"valueName":"search_term_string"}}],"inLanguage":"en-US"},{"@type":"Organization","@id":"https:\/\/sandybrown-reindeer-448238.hostingersite.com\/#organization","name":"NanoScoping","url":"https:\/\/sandybrown-reindeer-448238.hostingersite.com\/","logo":{"@type":"ImageObject","inLanguage":"en-US","@id":"https:\/\/sandybrown-reindeer-448238.hostingersite.com\/#\/schema\/logo\/image\/","url":"https:\/\/nanoscoping.com.br\/wp-content\/uploads\/2025\/03\/cropped-Logo-Fig.png","contentUrl":"https:\/\/nanoscoping.com.br\/wp-content\/uploads\/2025\/03\/cropped-Logo-Fig.png","width":500,"height":500,"caption":"NanoScoping"},"image":{"@id":"https:\/\/sandybrown-reindeer-448238.hostingersite.com\/#\/schema\/logo\/image\/"}}]}},"_links":{"self":[{"href":"https:\/\/nanoscoping.com.br\/en\/wp-json\/wp\/v2\/pages\/6638","targetHints":{"allow":["GET"]}}],"collection":[{"href":"https:\/\/nanoscoping.com.br\/en\/wp-json\/wp\/v2\/pages"}],"about":[{"href":"https:\/\/nanoscoping.com.br\/en\/wp-json\/wp\/v2\/types\/page"}],"author":[{"embeddable":true,"href":"https:\/\/nanoscoping.com.br\/en\/wp-json\/wp\/v2\/users\/2"}],"replies":[{"embeddable":true,"href":"https:\/\/nanoscoping.com.br\/en\/wp-json\/wp\/v2\/comments?post=6638"}],"version-history":[{"count":0,"href":"https:\/\/nanoscoping.com.br\/en\/wp-json\/wp\/v2\/pages\/6638\/revisions"}],"wp:attachment":[{"href":"https:\/\/nanoscoping.com.br\/en\/wp-json\/wp\/v2\/media?parent=6638"}],"wp:term":[{"taxonomy":"folder","embeddable":true,"href":"https:\/\/nanoscoping.com.br\/en\/wp-json\/wp\/v2\/folder?post=6638"}],"curies":[{"name":"wp","href":"https:\/\/api.w.org\/{rel}","templated":true}]}}