{"id":6671,"date":"2023-11-09T08:56:04","date_gmt":"2023-11-09T11:56:04","guid":{"rendered":"https:\/\/nanoscoping.com.br\/elementor-3984-2\/"},"modified":"2025-01-13T17:30:33","modified_gmt":"2025-01-13T20:30:33","slug":"elementor-3984-2","status":"publish","type":"page","link":"https:\/\/nanoscoping.com.br\/en\/elementor-3984-2\/","title":{"rendered":"Elementor #3984"},"content":{"rendered":"\t\t<div data-elementor-type=\"wp-page\" data-elementor-id=\"6671\" class=\"elementor elementor-6671 elementor-3984\" data-elementor-post-type=\"page\">\n\t\t\t\t<div data-particle_enable=\"false\" data-particle-mobile-disabled=\"false\" class=\"elementor-element elementor-element-efcc3de e-flex e-con-boxed e-con e-parent\" data-id=\"efcc3de\" data-element_type=\"container\">\n\t\t\t\t\t<div class=\"e-con-inner\">\n\t\t\t\t<div class=\"elementor-element elementor-element-37febe3 elementor-absolute elementor-widget elementor-widget-jet-form-builder-form\" data-id=\"37febe3\" data-element_type=\"widget\" data-settings=\"{&quot;_position&quot;:&quot;absolute&quot;}\" data-widget_type=\"jet-form-builder-form.default\">\n\t\t\t\t<div class=\"elementor-widget-container\">\n\t\t\t\t\t<link rel='stylesheet' id='wp-block-library-css' href='https:\/\/nanoscoping.com.br\/wp-includes\/css\/dist\/block-library\/style.min.css?ver=6.8.2' media='all' \/>\n<style id=\"jet-form-builder-3989-inline-css\"><\/style><form  class=\"jet-form-builder layout-column submit-type-reload\" action=\"https:\/\/nanoscoping.com.br\/en\/wp-json\/wp\/v2\/pages\/6671\/?ahVZzq=5A5Yi6Lfjz&amp;method=reload\" method=\"POST\" data-form-id=\"3989\" data-layout=\"column\" enctype=\"multipart\/form-data\" novalidate=\"null\" ssr_validation_method=\"rest\">\r\n<input type=\"hidden\" name=\"_jfb_current_render_states[]\" value=\"DEFAULT.STATE\" data-jfb-sync \/><input type=\"hidden\" class=\"jet-form-builder__field hidden-field\" name=\"_jet_engine_booking_form_id\" data-field-name=\"_jet_engine_booking_form_id\" value=\"3989\">\n<input type=\"hidden\" class=\"jet-form-builder__field hidden-field\" name=\"_jet_engine_refer\" data-field-name=\"_jet_engine_refer\" value=\"https:\/\/nanoscoping.com.br\/en\/wp-json\/wp\/v2\/pages\/6671\/\">\n<input type=\"hidden\" class=\"jet-form-builder__field hidden-field\" name=\"__queried_post_id\" data-field-name=\"__queried_post_id\" value=\"6671\">\n\n<input type=\"hidden\" class=\"jet-form-builder__field hidden-field\" name=\"post_meta\" data-field-name=\"post_meta\" data-jfb-sync=\"null\">\n\n\n\n\n<div class=\"wp-block-columns is-layout-flex wp-container-core-columns-is-layout-28f84493 wp-block-columns-is-layout-flex\">\n<div class=\"wp-block-column is-layout-flow wp-block-column-is-layout-flow\"><div  data-validation-type=\"inherit\" class=\"jet-form-builder-row field-type-text-field\" >\n<div class=\"jet-form-builder__field-wrap\">\n\t\t\t\t<input placeholder=\"Email\" required=\"required\" name=\"email\" id=\"email\" type=\"email\" data-field-name=\"email\" class=\"jet-form-builder__field text-field\" data-jfb-sync=\"null\" autocomplete=\"off_AIZhHmV6\">\n\t\t\t\t\t<\/div>\n<\/div>\n\n<div  data-validation-type=\"inherit\" class=\"jet-form-builder-row field-type-text-field\" >\n<div class=\"jet-form-builder__field-wrap\">\n\t\t\t\t<input placeholder=\"Empresa\" required=\"required\" name=\"empresa\" id=\"empresa\" type=\"text\" data-field-name=\"empresa\" class=\"jet-form-builder__field text-field\" data-jfb-sync=\"null\" autocomplete=\"off_vRQTbrB8\">\n\t\t\t\t\t<\/div>\n<\/div>\n\n<div  data-validation-type=\"inherit\" class=\"jet-form-builder-row field-type-select-field wp-block-jet-forms-select-field\">\n<div class=\"jet-form-builder__field-wrap\">\n\t<select class=\"jet-form-builder__field select-field\" name=\"Area_de_atuacao_Site\" data-field-name=\"Area_de_atuacao_Site\" id=\"Area_de_atuacao_Site\" data-jfb-sync=\"null\">\n\t\t<option value=\"\"  selected>Area de atua\u00e7\u00e3o<\/option><option value=\"Farm\u00e1cia veterin\u00e1ria\"  data-calculate=\"Farm\u00e1cia veterin\u00e1ria\">Farm\u00e1cia veterin\u00e1ria<\/option><option value=\"Farm\u00e1cia Humana\"  data-calculate=\"Farm\u00e1cia Humana\">Farm\u00e1cia Humana<\/option><option value=\"Ind\u00fastria Veterin\u00e1ria\"  data-calculate=\"Ind\u00fastria Veterin\u00e1ria\">Ind\u00fastria Veterin\u00e1ria<\/option><option value=\"Ind\u00fastria Cosm\u00e9tica\"  data-calculate=\"Ind\u00fastria Cosm\u00e9tica\">Ind\u00fastria Cosm\u00e9tica<\/option><option value=\"Ind\u00fastria Nutricional\"  data-calculate=\"Ind\u00fastria Nutricional\">Ind\u00fastria Nutricional<\/option><option value=\"Agro\"  data-calculate=\"Agro\">Agro<\/option><option value=\"Outro\"  data-calculate=\"Outro\">Outro<\/option>\t<\/select>\n<\/div>\n<\/div>\n\n<input type=\"hidden\" class=\"captcha-token\" name=\"_captcha_token\" value=\"\"\/><div  data-validation-type=\"inherit\" class=\"jet-form-builder-row field-type-submit-field\" >\n\t<div data-type=\"submit\" class=\"jet-form-builder__action-button-wrapper jet-form-builder__submit-wrap\">\n\t<button class=\"jet-form-builder__action-button botao-rodape jet-form-builder__submit submit-type-reload\" type=\"submit\">Inscrever-se<\/button>\n\t<\/div>\n\t\n<\/div><\/div>\n<\/div>\n\t<div class=\"jet-form-builder-messages-wrap\" data-form-id=\"3989\"><\/div>\n<\/form>\n\t\t\t\t<\/div>\n\t\t\t\t<\/div>\n\t\t\t\t<div class=\"elementor-element elementor-element-9162235 elementor-widget elementor-widget-jet-form-builder-form\" data-id=\"9162235\" data-element_type=\"widget\" data-widget_type=\"jet-form-builder-form.default\">\n\t\t\t\t<div class=\"elementor-widget-container\">\n\t\t\t\t\t<style id=\"jet-form-builder-702-inline-css\"><\/style><form  class=\"jet-form-builder layout-column submit-type-reload\" action=\"https:\/\/nanoscoping.com.br\/en\/wp-json\/wp\/v2\/pages\/6671\/?ahVZzq=5A5Yi6Lfjz&amp;method=reload\" method=\"POST\" data-form-id=\"702\" data-layout=\"column\" enctype=\"multipart\/form-data\" novalidate=\"null\" ssr_validation_method=\"rest\">\r\n<input type=\"hidden\" name=\"_jfb_current_render_states[]\" value=\"DEFAULT.STATE\" data-jfb-sync \/><input type=\"hidden\" class=\"jet-form-builder__field hidden-field\" name=\"_jet_engine_booking_form_id\" data-field-name=\"_jet_engine_booking_form_id\" value=\"702\">\n<input type=\"hidden\" class=\"jet-form-builder__field hidden-field\" name=\"_jet_engine_refer\" data-field-name=\"_jet_engine_refer\" value=\"https:\/\/nanoscoping.com.br\/en\/wp-json\/wp\/v2\/pages\/6671\/\">\n<input type=\"hidden\" class=\"jet-form-builder__field hidden-field\" name=\"__queried_post_id\" data-field-name=\"__queried_post_id\" value=\"6671\">\n\n<input type=\"hidden\" class=\"jet-form-builder__field hidden-field\" name=\"post_meta\" data-field-name=\"post_meta\" data-jfb-sync=\"null\">\n\n\n\n\n<input type=\"hidden\" class=\"jet-form-builder__field hidden-field\" name=\"PostTittle\" data-field-name=\"PostTittle\" data-jfb-sync=\"null\" value=\"Elementor #3984\">\n\n\n\n\n<div class=\"wp-block-columns is-layout-flex wp-container-core-columns-is-layout-28f84493 wp-block-columns-is-layout-flex\">\n<div class=\"wp-block-column is-layout-flow wp-block-column-is-layout-flow\"><div  class=\"jet-form-builder-row field-type-text-field\" >\n<div class=\"jet-form-builder__label\">\r\n<div class=\"jet-form-builder__label-text\">Nome <span class=\"jet-form-builder__required\">*<\/span><\/div><\/div><div class=\"jet-form-builder__field-wrap\">\n\t\t\t\t<input required=\"required\" name=\"nome\" id=\"nome\" type=\"text\" data-field-name=\"nome\" class=\"jet-form-builder__field text-field\" data-jfb-sync=\"null\" autocomplete=\"off_MNH0QznO\">\n\t\t\t\t\t<\/div>\n<\/div>\n\n<div  class=\"jet-form-builder-row field-type-text-field\" >\n<div class=\"jet-form-builder__label\">\r\n<div class=\"jet-form-builder__label-text\">Email <span class=\"jet-form-builder__required\">*<\/span><\/div><\/div><div class=\"jet-form-builder__field-wrap\">\n\t\t\t\t<input required=\"required\" name=\"email\" id=\"email_1\" type=\"text\" data-field-name=\"email\" class=\"jet-form-builder__field text-field\" data-jfb-sync=\"null\" autocomplete=\"off_bILKhixc\">\n\t\t\t\t\t<\/div>\n<\/div>\n\n<div  class=\"jet-form-builder-row field-type-text-field\" >\n<div class=\"jet-form-builder__label\">\r\n<div class=\"jet-form-builder__label-text\">Empresa <span class=\"jet-form-builder__required\">*<\/span><\/div><\/div><div class=\"jet-form-builder__field-wrap\">\n\t\t\t\t<input required=\"required\" name=\"empresa\" id=\"empresa_1\" type=\"text\" data-field-name=\"empresa\" class=\"jet-form-builder__field text-field\" data-jfb-sync=\"null\" autocomplete=\"off_qTDOyli4\">\n\t\t\t\t\t<\/div>\n<\/div>\n\n<div  class=\"jet-form-builder-row field-type-select-field wp-block-jet-forms-select-field\">\n<div class=\"jet-form-builder__label\">\r\n<div class=\"jet-form-builder__label-text\">\u00c1rea de atua\u00e7\u00e3o <span class=\"jet-form-builder__required\">*<\/span><\/div><\/div><div class=\"jet-form-builder__field-wrap\">\n\t<select class=\"jet-form-builder__field select-field\" required=\"required\" name=\"Area_de_atuacao_Site\" data-field-name=\"Area_de_atuacao_Site\" id=\"Area_de_atuacao_Site_1\" data-jfb-sync=\"null\">\n\t\t<option value=\"\"  selected>Selecione<\/option><option value=\"Farm\u00e1cia veterin\u00e1ria\" >Farm\u00e1cia veterin\u00e1ria<\/option><option value=\"Farm\u00e1cia Humana\" >Farm\u00e1cia Humana<\/option><option value=\"Ind\u00fastria Veterin\u00e1ria\" >Ind\u00fastria Veterin\u00e1ria<\/option><option value=\"Ind\u00fastria Cosm\u00e9tica\" >Ind\u00fastria Cosm\u00e9tica<\/option><option value=\"Ind\u00fastria Nutricional\" >Ind\u00fastria Nutricional<\/option><option value=\"Ind\u00fastria Agr\u00edcola\" >Ind\u00fastria Agr\u00edcola<\/option><option value=\"Outro\" >Outro<\/option>\t<\/select>\n<\/div>\n<\/div>\n\n<div  class=\"jet-form-builder-row field-type-checkbox-field\" >\n<div class=\"jet-form-builder__fields-group checkradio-wrap\" data-jfb-sync><div class=\"jet-form-builder__field-wrap checkboxes-wrap checkradio-wrap\"><label class=\"jet-form-builder__field-label for-checkbox\">\n<input type=\"checkbox\" name=\"aceite\" value=\"Concordo em receber comunica\u00e7\u00f5es.\" data-field-name=\"aceite\"  class=\"jet-form-builder__field checkboxes-field checkradio-field\" required=\"required\"><span>Concordo em receber comunica\u00e7\u00f5es.<\/span><\/label><\/div><\/div><div class=\"jet-form-builder__desc\"><small>A nossa empresa est\u00e1 comprometida a proteger e respeitar sua privacidade, utilizaremos seus dados apenas para fins de marketing. Voc\u00ea pode alterar suas prefer\u00eancias a qualquer momento.<\/small><\/div>\n<\/div>\n\n<input type=\"hidden\" class=\"captcha-token\" name=\"_captcha_token\" value=\"\"\/><div  class=\"jet-form-builder-row field-type-submit-field\" >\n\t<div data-type=\"submit\" class=\"jet-form-builder__action-button-wrapper jet-form-builder__submit-wrap\">\n\t<button class=\"jet-form-builder__action-button botao-donwload jet-form-builder__submit submit-type-reload\" type=\"submit\">Baixar Material<\/button>\n\t<\/div>\n\t\n<\/div><\/div>\n<\/div>\n\n\n\n<p><\/p>\n\t<div class=\"jet-form-builder-messages-wrap\" data-form-id=\"702\"><\/div>\n<\/form>\n\t\t\t\t<\/div>\n\t\t\t\t<\/div>\n\t\t\t\t<div class=\"elementor-element elementor-element-7d4c761 elementor-button-align-stretch elementor-widget elementor-widget-form\" data-id=\"7d4c761\" data-element_type=\"widget\" data-settings=\"{&quot;step_next_label&quot;:&quot;Next&quot;,&quot;step_previous_label&quot;:&quot;Previous&quot;,&quot;button_width&quot;:&quot;100&quot;,&quot;step_type&quot;:&quot;number_text&quot;,&quot;step_icon_shape&quot;:&quot;circle&quot;}\" data-widget_type=\"form.default\">\n\t\t\t\t<div class=\"elementor-widget-container\">\n\t\t\t\t\t\t\t<form class=\"elementor-form\" method=\"post\" name=\"teste 2\" aria-label=\"teste 2\">\n\t\t\t<input type=\"hidden\" name=\"post_id\" value=\"6671\"\/>\n\t\t\t<input type=\"hidden\" name=\"form_id\" value=\"7d4c761\"\/>\n\t\t\t<input type=\"hidden\" name=\"referer_title\" value=\"Elementor #3984 - NanoScoping\" \/>\n\n\t\t\t\t\t\t\t<input type=\"hidden\" name=\"queried_id\" value=\"6671\"\/>\n\t\t\t\n\t\t\t<div class=\"elementor-form-fields-wrapper elementor-labels-above\">\n\t\t\t\t\t\t\t\t<div class=\"elementor-field-type-text elementor-field-group elementor-column elementor-field-group-name elementor-col-100\">\n\t\t\t\t\t\t\t\t\t\t\t\t<label for=\"form-field-name\" class=\"elementor-field-label\">\n\t\t\t\t\t\t\t\tName\t\t\t\t\t\t\t<\/label>\n\t\t\t\t\t\t\t\t\t\t\t\t\t\t<input size=\"1\" type=\"text\" name=\"form_fields[name]\" id=\"form-field-name\" class=\"elementor-field elementor-size-sm  elementor-field-textual\" placeholder=\"Name\">\n\t\t\t\t\t\t\t\t\t\t\t<\/div>\n\t\t\t\t\t\t\t\t<div class=\"elementor-field-type-email elementor-field-group elementor-column elementor-field-group-email elementor-col-100 elementor-field-required\">\n\t\t\t\t\t\t\t\t\t\t\t\t<label for=\"form-field-email\" class=\"elementor-field-label\">\n\t\t\t\t\t\t\t\tEmail\t\t\t\t\t\t\t<\/label>\n\t\t\t\t\t\t\t\t\t\t\t\t\t\t<input size=\"1\" type=\"email\" name=\"form_fields[email]\" id=\"form-field-email\" class=\"elementor-field elementor-size-sm  elementor-field-textual\" placeholder=\"Email\" required=\"required\">\n\t\t\t\t\t\t\t\t\t\t\t<\/div>\n\t\t\t\t\t\t\t\t<div class=\"elementor-field-type-textarea elementor-field-group elementor-column elementor-field-group-message elementor-col-100\">\n\t\t\t\t\t\t\t\t\t\t\t\t<label for=\"form-field-message\" class=\"elementor-field-label\">\n\t\t\t\t\t\t\t\tMessage\t\t\t\t\t\t\t<\/label>\n\t\t\t\t\t\t<textarea class=\"elementor-field-textual elementor-field  elementor-size-sm\" name=\"form_fields[message]\" id=\"form-field-message\" rows=\"4\" placeholder=\"Message\"><\/textarea>\t\t\t\t<\/div>\n\t\t\t\t\t\t\t\t<div class=\"elementor-field-group elementor-column elementor-field-type-submit elementor-col-100 e-form__buttons\">\n\t\t\t\t\t<button class=\"elementor-button elementor-size-sm\" type=\"submit\">\n\t\t\t\t\t\t<span class=\"elementor-button-content-wrapper\">\n\t\t\t\t\t\t\t\t\t\t\t\t\t\t\t\t\t\t\t\t\t\t<span class=\"elementor-button-text\">Send<\/span>\n\t\t\t\t\t\t\t\t\t\t\t\t\t<\/span>\n\t\t\t\t\t<\/button>\n\t\t\t\t<\/div>\n\t\t\t<\/div>\n\t\t<\/form>\n\t\t\t\t\t\t<\/div>\n\t\t\t\t<\/div>\n\t\t\t\t\t<\/div>\n\t\t\t\t<\/div>\n\t\t\t\t<\/div>\n\t\t","protected":false},"excerpt":{"rendered":"<p>Area de atua\u00e7\u00e3oFarm\u00e1cia veterin\u00e1riaFarm\u00e1cia HumanaInd\u00fastria Veterin\u00e1riaInd\u00fastria Cosm\u00e9ticaInd\u00fastria NutricionalAgroOutro Inscrever-se Nome * Email * Empresa * \u00c1rea de atua\u00e7\u00e3o * SelecioneFarm\u00e1cia veterin\u00e1riaFarm\u00e1cia HumanaInd\u00fastria Veterin\u00e1riaInd\u00fastria Cosm\u00e9ticaInd\u00fastria NutricionalInd\u00fastria Agr\u00edcolaOutro Concordo em receber comunica\u00e7\u00f5es.A nossa empresa est\u00e1 comprometida a proteger e respeitar sua privacidade, utilizaremos seus dados apenas para fins de marketing. Voc\u00ea pode alterar suas prefer\u00eancias a qualquer [&hellip;]<\/p>\n","protected":false},"author":2,"featured_media":0,"parent":0,"menu_order":0,"comment_status":"closed","ping_status":"closed","template":"","meta":{"_acf_changed":false,"footnotes":""},"folder":[],"class_list":["post-6671","page","type-page","status-publish","hentry"],"acf":[],"yoast_head":"<!-- This site is optimized with the Yoast SEO plugin v25.9 - https:\/\/yoast.com\/wordpress\/plugins\/seo\/ -->\n<title>Elementor #3984 - NanoScoping<\/title>\n<meta name=\"robots\" content=\"index, follow, max-snippet:-1, max-image-preview:large, max-video-preview:-1\" \/>\n<link rel=\"canonical\" href=\"https:\/\/nanoscoping.com.br\/en\/elementor-3984-2\/\" \/>\n<meta property=\"og:locale\" content=\"en_US\" \/>\n<meta property=\"og:type\" content=\"article\" \/>\n<meta property=\"og:title\" content=\"Elementor #3984 - NanoScoping\" \/>\n<meta property=\"og:description\" content=\"Area de atua\u00e7\u00e3oFarm\u00e1cia veterin\u00e1riaFarm\u00e1cia HumanaInd\u00fastria Veterin\u00e1riaInd\u00fastria Cosm\u00e9ticaInd\u00fastria NutricionalAgroOutro Inscrever-se Nome * Email * Empresa * \u00c1rea de atua\u00e7\u00e3o * SelecioneFarm\u00e1cia veterin\u00e1riaFarm\u00e1cia HumanaInd\u00fastria Veterin\u00e1riaInd\u00fastria Cosm\u00e9ticaInd\u00fastria NutricionalInd\u00fastria Agr\u00edcolaOutro Concordo em receber comunica\u00e7\u00f5es.A nossa empresa est\u00e1 comprometida a proteger e respeitar sua privacidade, utilizaremos seus dados apenas para fins de marketing. Voc\u00ea pode alterar suas prefer\u00eancias a qualquer [&hellip;]\" \/>\n<meta property=\"og:url\" content=\"https:\/\/nanoscoping.com.br\/en\/elementor-3984-2\/\" \/>\n<meta property=\"og:site_name\" content=\"NanoScoping\" \/>\n<meta property=\"article:modified_time\" content=\"2025-01-13T20:30:33+00:00\" \/>\n<meta name=\"twitter:card\" content=\"summary_large_image\" \/>\n<script type=\"application\/ld+json\" class=\"yoast-schema-graph\">{\"@context\":\"https:\/\/schema.org\",\"@graph\":[{\"@type\":\"WebPage\",\"@id\":\"https:\/\/nanoscoping.com.br\/en\/elementor-3984-2\/\",\"url\":\"https:\/\/nanoscoping.com.br\/en\/elementor-3984-2\/\",\"name\":\"Elementor #3984 - NanoScoping\",\"isPartOf\":{\"@id\":\"https:\/\/sandybrown-reindeer-448238.hostingersite.com\/#website\"},\"datePublished\":\"2023-11-09T11:56:04+00:00\",\"dateModified\":\"2025-01-13T20:30:33+00:00\",\"breadcrumb\":{\"@id\":\"https:\/\/nanoscoping.com.br\/en\/elementor-3984-2\/#breadcrumb\"},\"inLanguage\":\"en-US\",\"potentialAction\":[{\"@type\":\"ReadAction\",\"target\":[\"https:\/\/nanoscoping.com.br\/en\/elementor-3984-2\/\"]}]},{\"@type\":\"BreadcrumbList\",\"@id\":\"https:\/\/nanoscoping.com.br\/en\/elementor-3984-2\/#breadcrumb\",\"itemListElement\":[{\"@type\":\"ListItem\",\"position\":1,\"name\":\"In\u00edcio\",\"item\":\"https:\/\/nanoscoping.com.br\/en\/\"},{\"@type\":\"ListItem\",\"position\":2,\"name\":\"Elementor #3984\"}]},{\"@type\":\"WebSite\",\"@id\":\"https:\/\/sandybrown-reindeer-448238.hostingersite.com\/#website\",\"url\":\"https:\/\/sandybrown-reindeer-448238.hostingersite.com\/\",\"name\":\"NanoScoping\",\"description\":\"\",\"publisher\":{\"@id\":\"https:\/\/sandybrown-reindeer-448238.hostingersite.com\/#organization\"},\"potentialAction\":[{\"@type\":\"SearchAction\",\"target\":{\"@type\":\"EntryPoint\",\"urlTemplate\":\"https:\/\/sandybrown-reindeer-448238.hostingersite.com\/?s={search_term_string}\"},\"query-input\":{\"@type\":\"PropertyValueSpecification\",\"valueRequired\":true,\"valueName\":\"search_term_string\"}}],\"inLanguage\":\"en-US\"},{\"@type\":\"Organization\",\"@id\":\"https:\/\/sandybrown-reindeer-448238.hostingersite.com\/#organization\",\"name\":\"NanoScoping\",\"url\":\"https:\/\/sandybrown-reindeer-448238.hostingersite.com\/\",\"logo\":{\"@type\":\"ImageObject\",\"inLanguage\":\"en-US\",\"@id\":\"https:\/\/sandybrown-reindeer-448238.hostingersite.com\/#\/schema\/logo\/image\/\",\"url\":\"https:\/\/nanoscoping.com.br\/wp-content\/uploads\/2025\/03\/cropped-Logo-Fig.png\",\"contentUrl\":\"https:\/\/nanoscoping.com.br\/wp-content\/uploads\/2025\/03\/cropped-Logo-Fig.png\",\"width\":500,\"height\":500,\"caption\":\"NanoScoping\"},\"image\":{\"@id\":\"https:\/\/sandybrown-reindeer-448238.hostingersite.com\/#\/schema\/logo\/image\/\"}}]}<\/script>\n<!-- \/ Yoast SEO plugin. -->","yoast_head_json":{"title":"Elementor #3984 - NanoScoping","robots":{"index":"index","follow":"follow","max-snippet":"max-snippet:-1","max-image-preview":"max-image-preview:large","max-video-preview":"max-video-preview:-1"},"canonical":"https:\/\/nanoscoping.com.br\/en\/elementor-3984-2\/","og_locale":"en_US","og_type":"article","og_title":"Elementor #3984 - NanoScoping","og_description":"Area de atua\u00e7\u00e3oFarm\u00e1cia veterin\u00e1riaFarm\u00e1cia HumanaInd\u00fastria Veterin\u00e1riaInd\u00fastria Cosm\u00e9ticaInd\u00fastria NutricionalAgroOutro Inscrever-se Nome * Email * Empresa * \u00c1rea de atua\u00e7\u00e3o * SelecioneFarm\u00e1cia veterin\u00e1riaFarm\u00e1cia HumanaInd\u00fastria Veterin\u00e1riaInd\u00fastria Cosm\u00e9ticaInd\u00fastria NutricionalInd\u00fastria Agr\u00edcolaOutro Concordo em receber comunica\u00e7\u00f5es.A nossa empresa est\u00e1 comprometida a proteger e respeitar sua privacidade, utilizaremos seus dados apenas para fins de marketing. Voc\u00ea pode alterar suas prefer\u00eancias a qualquer [&hellip;]","og_url":"https:\/\/nanoscoping.com.br\/en\/elementor-3984-2\/","og_site_name":"NanoScoping","article_modified_time":"2025-01-13T20:30:33+00:00","twitter_card":"summary_large_image","schema":{"@context":"https:\/\/schema.org","@graph":[{"@type":"WebPage","@id":"https:\/\/nanoscoping.com.br\/en\/elementor-3984-2\/","url":"https:\/\/nanoscoping.com.br\/en\/elementor-3984-2\/","name":"Elementor #3984 - NanoScoping","isPartOf":{"@id":"https:\/\/sandybrown-reindeer-448238.hostingersite.com\/#website"},"datePublished":"2023-11-09T11:56:04+00:00","dateModified":"2025-01-13T20:30:33+00:00","breadcrumb":{"@id":"https:\/\/nanoscoping.com.br\/en\/elementor-3984-2\/#breadcrumb"},"inLanguage":"en-US","potentialAction":[{"@type":"ReadAction","target":["https:\/\/nanoscoping.com.br\/en\/elementor-3984-2\/"]}]},{"@type":"BreadcrumbList","@id":"https:\/\/nanoscoping.com.br\/en\/elementor-3984-2\/#breadcrumb","itemListElement":[{"@type":"ListItem","position":1,"name":"In\u00edcio","item":"https:\/\/nanoscoping.com.br\/en\/"},{"@type":"ListItem","position":2,"name":"Elementor #3984"}]},{"@type":"WebSite","@id":"https:\/\/sandybrown-reindeer-448238.hostingersite.com\/#website","url":"https:\/\/sandybrown-reindeer-448238.hostingersite.com\/","name":"NanoScoping","description":"","publisher":{"@id":"https:\/\/sandybrown-reindeer-448238.hostingersite.com\/#organization"},"potentialAction":[{"@type":"SearchAction","target":{"@type":"EntryPoint","urlTemplate":"https:\/\/sandybrown-reindeer-448238.hostingersite.com\/?s={search_term_string}"},"query-input":{"@type":"PropertyValueSpecification","valueRequired":true,"valueName":"search_term_string"}}],"inLanguage":"en-US"},{"@type":"Organization","@id":"https:\/\/sandybrown-reindeer-448238.hostingersite.com\/#organization","name":"NanoScoping","url":"https:\/\/sandybrown-reindeer-448238.hostingersite.com\/","logo":{"@type":"ImageObject","inLanguage":"en-US","@id":"https:\/\/sandybrown-reindeer-448238.hostingersite.com\/#\/schema\/logo\/image\/","url":"https:\/\/nanoscoping.com.br\/wp-content\/uploads\/2025\/03\/cropped-Logo-Fig.png","contentUrl":"https:\/\/nanoscoping.com.br\/wp-content\/uploads\/2025\/03\/cropped-Logo-Fig.png","width":500,"height":500,"caption":"NanoScoping"},"image":{"@id":"https:\/\/sandybrown-reindeer-448238.hostingersite.com\/#\/schema\/logo\/image\/"}}]}},"_links":{"self":[{"href":"https:\/\/nanoscoping.com.br\/en\/wp-json\/wp\/v2\/pages\/6671","targetHints":{"allow":["GET"]}}],"collection":[{"href":"https:\/\/nanoscoping.com.br\/en\/wp-json\/wp\/v2\/pages"}],"about":[{"href":"https:\/\/nanoscoping.com.br\/en\/wp-json\/wp\/v2\/types\/page"}],"author":[{"embeddable":true,"href":"https:\/\/nanoscoping.com.br\/en\/wp-json\/wp\/v2\/users\/2"}],"replies":[{"embeddable":true,"href":"https:\/\/nanoscoping.com.br\/en\/wp-json\/wp\/v2\/comments?post=6671"}],"version-history":[{"count":0,"href":"https:\/\/nanoscoping.com.br\/en\/wp-json\/wp\/v2\/pages\/6671\/revisions"}],"wp:attachment":[{"href":"https:\/\/nanoscoping.com.br\/en\/wp-json\/wp\/v2\/media?parent=6671"}],"wp:term":[{"taxonomy":"folder","embeddable":true,"href":"https:\/\/nanoscoping.com.br\/en\/wp-json\/wp\/v2\/folder?post=6671"}],"curies":[{"name":"wp","href":"https:\/\/api.w.org\/{rel}","templated":true}]}}